{"id":24,"date":"2018-05-25T19:54:15","date_gmt":"2018-05-25T19:54:15","guid":{"rendered":"http:\/\/bcfrutigen.ch\/?page_id=24"},"modified":"2024-10-15T13:42:28","modified_gmt":"2024-10-15T13:42:28","slug":"about","status":"publish","type":"page","link":"https:\/\/bcfrutigen.ch\/?page_id=24","title":{"rendered":"Trainings BC Frutigen"},"content":{"rendered":"<p><img loading=\"lazy\" decoding=\"async\" class=\"alignnone wp-image-1022 size-large\" src=\"http:\/\/bcfrutigen.ch\/wp-content\/uploads\/2024\/10\/PHOTO-2024-10-15-11-06-39-1-1024x462.jpg\" alt=\"\" width=\"1024\" height=\"462\" srcset=\"https:\/\/bcfrutigen.ch\/wp-content\/uploads\/2024\/10\/PHOTO-2024-10-15-11-06-39-1-1024x462.jpg 1024w, https:\/\/bcfrutigen.ch\/wp-content\/uploads\/2024\/10\/PHOTO-2024-10-15-11-06-39-1-300x135.jpg 300w, https:\/\/bcfrutigen.ch\/wp-content\/uploads\/2024\/10\/PHOTO-2024-10-15-11-06-39-1-768x347.jpg 768w, https:\/\/bcfrutigen.ch\/wp-content\/uploads\/2024\/10\/PHOTO-2024-10-15-11-06-39-1.jpg 1600w\" sizes=\"auto, (max-width: 1024px) 100vw, 1024px\" \/><\/p>\n<p><strong>Training Beachvolleyball f\u00fcr Juniorinnen und Junioren<\/strong><\/p>\n<p><strong>Nachwuchs Einsteiger-Trainings<br \/>\n<\/strong><\/p>\n<p><span style=\"font-weight: 400;\">Grunds\u00e4tzlich bieten wir eine Trainingsm\u00f6glichkeit f\u00fcr Jugendliche ab 14 mit Volleyerfahrung. Melde dich doch unter info@bcfrutigen.ch.<br \/>\n<\/span><span style=\"font-weight: 400;\">Hast du Interesse an Beachvolleyball oder Volleyball und bist noch nicht 14 Jahre alt, dann melde dich doch beim VBC Frutigen (vbcfrutigen.ch). Jeweils im Sommer bieten wir in Zusammenarbeit mit dem Volleyballclub Beachvolleytrainings f\u00fcr das U-15 Team an.<\/span><\/p>\n<p>&nbsp;<\/p>\n<p><strong>Training f\u00fcr Juniorinnen und Junioren zwischen 14-20Jahren mit Volley Basiserfahrung.<\/strong><\/p>\n<p><b>Trainingszeiten<\/b><strong>\u00a0\/ Ort<\/strong><br \/>\nMittwoch 18:30 -20:00 Uhr \/ Sportzentrum Frutigen<br \/>\n&#8211; Trainer, Ausgebildete J+S Leiter<br \/>\nAnmeldungen via <a href=\"mailto:training@bcfrutigen.ch\">training@bcfrutigen.ch<\/a><\/p>\n<p>&nbsp;<\/p>\n<p><strong>Training Beachvolleyball f\u00fcr Aktive<\/strong><\/p>\n<p><strong><b>Trainingszeiten<\/b>\u00a0\/ Ort<br \/>\n<\/strong>Mittwoch 19:00 &#8211; 20:00 und Grill \/ Sportzentrum Frutigen<br \/>\n&#8211; Trainer, Ausgebildete J+S Leiter<\/p>\n<p>Bist du noch keine 14 Jahre und\/oder hast noch keine Volleyerfahrung m\u00f6chtest aber trotzdem trainieren,<br \/>\nmelde dich bei uns: <a href=\"mailto:info@bcfrutigen.ch\">info@bcfrutigen.ch<\/a><\/p>\n<p><img loading=\"lazy\" decoding=\"async\" class=\"alignnone size-medium wp-image-570\" src=\"http:\/\/bcfrutigen.ch\/wp-content\/uploads\/2023\/02\/Kick_Off_22-1-300x225.jpg\" alt=\"\" width=\"300\" height=\"225\" srcset=\"https:\/\/bcfrutigen.ch\/wp-content\/uploads\/2023\/02\/Kick_Off_22-1-300x225.jpg 300w, https:\/\/bcfrutigen.ch\/wp-content\/uploads\/2023\/02\/Kick_Off_22-1-768x576.jpg 768w, https:\/\/bcfrutigen.ch\/wp-content\/uploads\/2023\/02\/Kick_Off_22-1-1024x768.jpg 1024w, https:\/\/bcfrutigen.ch\/wp-content\/uploads\/2023\/02\/Kick_Off_22-1-120x90.jpg 120w\" sizes=\"auto, (max-width: 300px) 100vw, 300px\" \/>\u00a0<img loading=\"lazy\" decoding=\"async\" class=\"alignnone size-medium wp-image-1013\" src=\"http:\/\/bcfrutigen.ch\/wp-content\/uploads\/2024\/10\/PHOTO-2024-10-15-11-09-04-300x225.jpg\" alt=\"\" width=\"300\" height=\"225\" srcset=\"https:\/\/bcfrutigen.ch\/wp-content\/uploads\/2024\/10\/PHOTO-2024-10-15-11-09-04-300x225.jpg 300w, https:\/\/bcfrutigen.ch\/wp-content\/uploads\/2024\/10\/PHOTO-2024-10-15-11-09-04-768x576.jpg 768w, https:\/\/bcfrutigen.ch\/wp-content\/uploads\/2024\/10\/PHOTO-2024-10-15-11-09-04-1024x768.jpg 1024w, https:\/\/bcfrutigen.ch\/wp-content\/uploads\/2024\/10\/PHOTO-2024-10-15-11-09-04-120x90.jpg 120w, https:\/\/bcfrutigen.ch\/wp-content\/uploads\/2024\/10\/PHOTO-2024-10-15-11-09-04.jpg 1600w\" sizes=\"auto, (max-width: 300px) 100vw, 300px\" \/><\/p>\n","protected":false},"excerpt":{"rendered":"<p>Training Beachvolleyball f\u00fcr Juniorinnen und Junioren Nachwuchs Einsteiger-Trainings Grunds\u00e4tzlich bieten wir eine Trainingsm\u00f6glichkeit f\u00fcr Jugendliche ab 14 mit Volleyerfahrung. Melde dich doch unter info@bcfrutigen.ch. Hast du Interesse an Beachvolleyball oder Volleyball und bist noch nicht 14 Jahre alt, dann melde dich doch beim VBC Frutigen (vbcfrutigen.ch). Jeweils im Sommer bieten wir in Zusammenarbeit mit dem&hellip;<\/p>\n","protected":false},"author":2,"featured_media":0,"parent":0,"menu_order":0,"comment_status":"closed","ping_status":"closed","template":"","meta":{"footnotes":""},"class_list":["post-24","page","type-page","status-publish","format-standard","hentry"],"_links":{"self":[{"href":"https:\/\/bcfrutigen.ch\/index.php?rest_route=\/wp\/v2\/pages\/24","targetHints":{"allow":["GET"]}}],"collection":[{"href":"https:\/\/bcfrutigen.ch\/index.php?rest_route=\/wp\/v2\/pages"}],"about":[{"href":"https:\/\/bcfrutigen.ch\/index.php?rest_route=\/wp\/v2\/types\/page"}],"author":[{"embeddable":true,"href":"https:\/\/bcfrutigen.ch\/index.php?rest_route=\/wp\/v2\/users\/2"}],"replies":[{"embeddable":true,"href":"https:\/\/bcfrutigen.ch\/index.php?rest_route=%2Fwp%2Fv2%2Fcomments&post=24"}],"version-history":[{"count":28,"href":"https:\/\/bcfrutigen.ch\/index.php?rest_route=\/wp\/v2\/pages\/24\/revisions"}],"predecessor-version":[{"id":1024,"href":"https:\/\/bcfrutigen.ch\/index.php?rest_route=\/wp\/v2\/pages\/24\/revisions\/1024"}],"wp:attachment":[{"href":"https:\/\/bcfrutigen.ch\/index.php?rest_route=%2Fwp%2Fv2%2Fmedia&parent=24"}],"curies":[{"name":"wp","href":"https:\/\/api.w.org\/{rel}","templated":true}]}}