{"id":26,"date":"2018-05-25T19:55:04","date_gmt":"2018-05-25T19:55:04","guid":{"rendered":"http:\/\/bcfrutigen.ch\/?page_id=26"},"modified":"2025-09-02T09:11:17","modified_gmt":"2025-09-02T09:11:17","slug":"statuten","status":"publish","type":"page","link":"https:\/\/bcfrutigen.ch\/?page_id=26","title":{"rendered":"BC Frutigen"},"content":{"rendered":"<p>Beachvolleyball ist seit langem weit mehr als nur eine Trendsportart und seit 1996 fest im Olympischen Kalender verankert. Mit dem Gstaad-Major findet zudem jeden Sommer ein Turnier auf h\u00f6chster FIVB Stufe im Berner Oberland statt.<\/p>\n<p>Der Beachvolleyclub Frutigen hat als Ziel die Sportart Beachvolleyball in allen Alters- und F\u00e4higkeitsstufen zu unterst\u00fctzen. Nach diesem Grundsatz f\u00f6rdert der BC Frutigen entsprechende Ausbildung-, Wettkampf &#8211; und Spielm\u00f6glichkeiten und ist J+S anerkannt. Der BC Frutigen f\u00fchrt nationale und regionale Turniere des Beachvolleyballverbandes durch.<\/p>\n<p>Zus\u00e4tzlich organisiert der BC Frutigen zahlreiche Turniere der Kategorie plausch und mixed, bei denen sich auch unlizenzierte Spielerinnen und Spieler im Wettkampfmodus messen k\u00f6nnen.<\/p>\n<p>Die Geselligkeit wird sowohl nach den Turnieren, als auch nach den Trainings grossgeschrieben.<\/p>\n<p><img loading=\"lazy\" decoding=\"async\" class=\"alignnone size-medium wp-image-1013\" src=\"http:\/\/bcfrutigen.ch\/wp-content\/uploads\/2024\/10\/PHOTO-2024-10-15-11-09-04-300x225.jpg\" alt=\"\" width=\"300\" height=\"225\" srcset=\"https:\/\/bcfrutigen.ch\/wp-content\/uploads\/2024\/10\/PHOTO-2024-10-15-11-09-04-300x225.jpg 300w, https:\/\/bcfrutigen.ch\/wp-content\/uploads\/2024\/10\/PHOTO-2024-10-15-11-09-04-768x576.jpg 768w, https:\/\/bcfrutigen.ch\/wp-content\/uploads\/2024\/10\/PHOTO-2024-10-15-11-09-04-1024x768.jpg 1024w, https:\/\/bcfrutigen.ch\/wp-content\/uploads\/2024\/10\/PHOTO-2024-10-15-11-09-04-120x90.jpg 120w, https:\/\/bcfrutigen.ch\/wp-content\/uploads\/2024\/10\/PHOTO-2024-10-15-11-09-04.jpg 1600w\" sizes=\"auto, (max-width: 300px) 100vw, 300px\" \/><\/p>\n<p><strong>Auszeichnungen<\/strong><\/p>\n<p>Jedes Jahr gibt es in unserem Club zwei prestigetr\u00e4chtige Auszeichnungen zu holen.<\/p>\n<p>Zum einen geh\u00f6rt dazu der Titel des &#8222;\u00dcbermostiviertesten Clubmitglieds&#8220;. Durch eine kompetente Jury, bestehend aus den vorhergehenden \u00fcbermotiviertesten Clubmitgliedern wird das Mitglied des Clubs gek\u00fcrt, welches sich w\u00e4hrend der Saison besonders positiv bemerkbar gemacht hat. Nur soviel dazu: es winkt ein ehrenhafter Pokal.<\/p>\n<p>W\u00e4hrend unseres Clubabends, welcher unter anderem aus einem gemeinsamen Training besteht, l\u00e4uft eine Clubmeisterschaft. Nach dem Training holt man w\u00e4hrend einer 12-min\u00fctigen Session von &#8222;Royals of the Court&#8220; Punkte, und notiert diese. Ende Saison wird dann das Clubmitglied, welches durchschnittlich am meisten Punkte geholt hat zum diesj\u00e4hrigen Clubmeister oder zur diesj\u00e4hrigen Clubmeisterin erkoren.<\/p>\n<p>Wir sagen: Let the games begin \ud83d\ude09<\/p>\n<h4>Mitgliedschaft<\/h4>\n<p>Bist du interessiert daran dich unserem Club anzuschliessen?<br \/>\nW\u00e4hrend der Saison bieten wir jeweils am Mittwoch Abend unser Clubtraining von 19:00-20:00 an. Jede und jeder sind herzlich eingeladen 3 Trainings zu besuchen, bevor ein Entscheid fallen muss, ob man unserem Club beitreten m\u00f6chte oder nicht.<\/p>\n<p>Die Clubmitgliedschaft betr\u00e4gt CHF 170.00. Darin inbegriffen ist ein Saisonabonnement vom Freibad Frutigen.<br \/>\nMittels diversen Helfereins\u00e4tzen k\u00f6nnen Mitglieder ihren Beitrag um CHF 40.00 verringern (daf\u00fcr m\u00fcssen mind. 2 Helfereins\u00e4tze geleistet werden). Die Eins\u00e4tze ziehen sich dabei h\u00f6chstens \u00fcber einen halben Tag.<\/p>\n<p>Wenn du fragen hast, darfst du dich gerne jeder Zeit melden unter info@bcfrutigen.ch.<\/p>\n<p>Wir freuen uns auf dich!<\/p>\n<p><img loading=\"lazy\" decoding=\"async\" class=\"alignnone size-medium wp-image-1012\" src=\"http:\/\/bcfrutigen.ch\/wp-content\/uploads\/2024\/10\/PHOTO-2024-10-15-11-08-18-225x300.jpg\" alt=\"\" width=\"225\" height=\"300\" srcset=\"https:\/\/bcfrutigen.ch\/wp-content\/uploads\/2024\/10\/PHOTO-2024-10-15-11-08-18-225x300.jpg 225w, https:\/\/bcfrutigen.ch\/wp-content\/uploads\/2024\/10\/PHOTO-2024-10-15-11-08-18-768x1024.jpg 768w, https:\/\/bcfrutigen.ch\/wp-content\/uploads\/2024\/10\/PHOTO-2024-10-15-11-08-18.jpg 1200w\" sizes=\"auto, (max-width: 225px) 100vw, 225px\" \/>\u00a0\u00a0<img loading=\"lazy\" decoding=\"async\" class=\"alignnone size-medium wp-image-1017\" src=\"http:\/\/bcfrutigen.ch\/wp-content\/uploads\/2024\/10\/PHOTO-2024-10-15-11-12-052-225x300.jpg\" alt=\"\" width=\"225\" height=\"300\" srcset=\"https:\/\/bcfrutigen.ch\/wp-content\/uploads\/2024\/10\/PHOTO-2024-10-15-11-12-052-225x300.jpg 225w, https:\/\/bcfrutigen.ch\/wp-content\/uploads\/2024\/10\/PHOTO-2024-10-15-11-12-052-768x1024.jpg 768w, https:\/\/bcfrutigen.ch\/wp-content\/uploads\/2024\/10\/PHOTO-2024-10-15-11-12-052.jpg 1200w\" sizes=\"auto, (max-width: 225px) 100vw, 225px\" \/><\/p>\n<h4>Der Vorstand<\/h4>\n<h5>Pr\u00e4sident &#8211; Beat Schranz<\/h5>\n<p>Unser Pr\u00e4sident ist immer mit Herz dabei.<\/p>\n<h5>Stefan Haldimann<\/h5>\n<p>Stefan aka. Biber ist verantwortlich f\u00fcr den Turnierbetrieb. F\u00fcr Helfereins\u00e4tze an Turnieren wendet ihr euch am besten an ihn. Er ist ebenfalls Trainer und ihr begegnet ihm ab und zu an einem Clubabend.<\/p>\n<h5>Tanja Zurbr\u00fcgg<\/h5>\n<p>Tanja ist die gute Fee von unserem tollen Beachvolleyball Clubhaus. Wenn etwas fehlt oder ihr eine Anregung zum &#8222;Sortiment&#8220; habt, d\u00fcrft ihr euch gerne bei ihr melden.<\/p>\n<h5>Andy Glaus<\/h5>\n<p>Andy schaut, dass wir \u00fcberhaupt spielen k\u00f6nnen. Er ist verantwortlich f\u00fcr die Infrastruktur. Wenn also etwas kaputt geht oder ihr ein Anliegen f\u00fcr die Anlage habt, meldet euch bei ihm.<\/p>\n<h5>Silvan W\u00e4fler<\/h5>\n<p>Das Finanz-Superbrain unseres Clubs. Er schaut, dass es mit rechten Dingen zu und her geht. Wenn ihr eine Frage zu eurer Rechnung habt oder ein neues Mitglied anmelden m\u00f6chtet, meldet euch am besten bei Silvan.<\/p>\n<h5>C\u00e9line Koller<\/h5>\n<p>C\u00e9line ist verantwortlich f\u00fcr die Webseite, die Events, Feldreservationen und versucht euch via Social Media das Clubleben etwas n\u00e4her zu bringen. Wenn ihr irgendwelche Anliegen habt, die nicht in die restlichen Ressorts passen d\u00fcrft ihr euch gerne bei ihr melden.<\/p>\n","protected":false},"excerpt":{"rendered":"<p>Beachvolleyball ist seit langem weit mehr als nur eine Trendsportart und seit 1996 fest im Olympischen Kalender verankert. Mit dem Gstaad-Major findet zudem jeden Sommer ein Turnier auf h\u00f6chster FIVB Stufe im Berner Oberland statt. Der Beachvolleyclub Frutigen hat als Ziel die Sportart Beachvolleyball in allen Alters- und F\u00e4higkeitsstufen zu unterst\u00fctzen. Nach diesem Grundsatz f\u00f6rdert&hellip;<\/p>\n","protected":false},"author":2,"featured_media":0,"parent":0,"menu_order":0,"comment_status":"closed","ping_status":"closed","template":"","meta":{"footnotes":""},"class_list":["post-26","page","type-page","status-publish","format-standard","hentry"],"_links":{"self":[{"href":"https:\/\/bcfrutigen.ch\/index.php?rest_route=\/wp\/v2\/pages\/26","targetHints":{"allow":["GET"]}}],"collection":[{"href":"https:\/\/bcfrutigen.ch\/index.php?rest_route=\/wp\/v2\/pages"}],"about":[{"href":"https:\/\/bcfrutigen.ch\/index.php?rest_route=\/wp\/v2\/types\/page"}],"author":[{"embeddable":true,"href":"https:\/\/bcfrutigen.ch\/index.php?rest_route=\/wp\/v2\/users\/2"}],"replies":[{"embeddable":true,"href":"https:\/\/bcfrutigen.ch\/index.php?rest_route=%2Fwp%2Fv2%2Fcomments&post=26"}],"version-history":[{"count":43,"href":"https:\/\/bcfrutigen.ch\/index.php?rest_route=\/wp\/v2\/pages\/26\/revisions"}],"predecessor-version":[{"id":1237,"href":"https:\/\/bcfrutigen.ch\/index.php?rest_route=\/wp\/v2\/pages\/26\/revisions\/1237"}],"wp:attachment":[{"href":"https:\/\/bcfrutigen.ch\/index.php?rest_route=%2Fwp%2Fv2%2Fmedia&parent=26"}],"curies":[{"name":"wp","href":"https:\/\/api.w.org\/{rel}","templated":true}]}}